{"id":3490,"date":"2022-06-22T22:31:51","date_gmt":"2022-06-22T20:31:51","guid":{"rendered":"https:\/\/bastardbar.no\/?page_id=3490"},"modified":"2022-06-24T14:01:50","modified_gmt":"2022-06-24T12:01:50","slug":"kommende-konserter","status":"publish","type":"page","link":"https:\/\/bastardbar.no\/en\/kommende-konserter\/","title":{"rendered":"Upcoming concerts"},"content":{"rendered":"<div data-elementor-type=\"wp-page\" data-elementor-id=\"3490\" class=\"elementor elementor-3490\" data-elementor-post-type=\"page\">\n\t\t\t\t\t\t<section class=\"elementor-section elementor-top-section elementor-element elementor-element-3031efe9 b--gray-lighter elementor-section-full_width elementor-section-height-default elementor-section-height-default\" data-id=\"3031efe9\" data-element_type=\"section\">\n\t\t\t\t\t\t<div class=\"elementor-container elementor-column-gap-default\">\n\t\t\t\t\t<div class=\"elementor-column elementor-col-100 elementor-top-column elementor-element elementor-element-5132aba5\" data-id=\"5132aba5\" data-element_type=\"column\">\n\t\t\t<div class=\"elementor-widget-wrap elementor-element-populated\">\n\t\t\t\t\t\t<div class=\"elementor-element elementor-element-9ec6512 ee-grid-columns-4 ee-filters-align-center ee-filters-align-mobile-left ee-grid-columns-tablet-2 ee-grid-columns-mobile-1 ee-grid-halign--left ee-posts-align-top ee-posts-avatar-position-left elementor-widget elementor-widget-posts-extra\" data-id=\"9ec6512\" data-element_type=\"widget\" data-settings=\"{&quot;columns&quot;:&quot;4&quot;,&quot;classic_grid_columns_spacing&quot;:{&quot;unit&quot;:&quot;px&quot;,&quot;size&quot;:40,&quot;sizes&quot;:[]},&quot;classic_filters&quot;:&quot;yes&quot;,&quot;columns_tablet&quot;:&quot;2&quot;,&quot;columns_mobile&quot;:&quot;1&quot;,&quot;classic_layout&quot;:&quot;default&quot;,&quot;classic_grid_columns_spacing_tablet&quot;:{&quot;unit&quot;:&quot;px&quot;,&quot;size&quot;:12,&quot;sizes&quot;:[]},&quot;classic_grid_columns_spacing_mobile&quot;:{&quot;unit&quot;:&quot;px&quot;,&quot;size&quot;:0,&quot;sizes&quot;:[]}}\" data-widget_type=\"posts-extra.classic\">\n\t\t\t\t<div class=\"elementor-widget-container\">\n\t\t\t<ul class=\"ee-filters ee-filters--tribe_events_cat\">\n\n\t\t\t\t\t\t<li class=\"ee-filters__item o-nav__item\"><a data-filter=\"*\">\n\t\t\t\tFilter:\t\t\t<\/a><\/li>\n\t\t\t\n\t\t\t<li class=\"ee-filters__item o-nav__item ee-term ee-term--\">\n\t\t\t\t\t<a data-filter=\".ee-filter-\" class=\"ee-term__link ee--active\">\n\t\t\t\t\t\t\t\t\t\t\t\t\t\t\t\t\t<\/a>\n\t\t\t\t<\/li>\n\t\t\t\t\t<\/ul><div class=\"ee-grid ee-loop ee-grid--default\"><div class=\"ee-grid__item--sizer\"><\/div><div class=\"ee-grid__item ee-loop__item ee-filter-\"><article class=\"ee-post post-4369 tribe_events type-tribe_events status-publish has-post-thumbnail hentry\"><a class=\"ee-media ee-post__media\" href=\"https:\/\/bastardbar.no\/en\/?p=4369\"><div class=\"ee-post__media__thumbnail ee-media__thumbnail\"><img fetchpriority=\"high\" decoding=\"async\" width=\"800\" height=\"418\" src=\"https:\/\/bastardbar.no\/wp-content\/uploads\/2023\/12\/DAS-BODY-FB-1024x535.jpg\" class=\"attachment-large size-large wp-image-4370\" alt=\"\" srcset=\"https:\/\/bastardbar.no\/wp-content\/uploads\/2023\/12\/DAS-BODY-FB-1024x535.jpg 1024w, https:\/\/bastardbar.no\/wp-content\/uploads\/2023\/12\/DAS-BODY-FB-300x157.jpg 300w, https:\/\/bastardbar.no\/wp-content\/uploads\/2023\/12\/DAS-BODY-FB-768x401.jpg 768w, https:\/\/bastardbar.no\/wp-content\/uploads\/2023\/12\/DAS-BODY-FB-18x9.jpg 18w, https:\/\/bastardbar.no\/wp-content\/uploads\/2023\/12\/DAS-BODY-FB-600x314.jpg 600w, https:\/\/bastardbar.no\/wp-content\/uploads\/2023\/12\/DAS-BODY-FB.jpg 1200w\" sizes=\"(max-width: 800px) 100vw, 800px\" \/><\/div><div class=\"ee-post__media__overlay ee-media__overlay\"><\/div><\/a><!-- .ee-post__media --><div class=\"ee-post__body ee-post__area\"><a href=\"https:\/\/bastardbar.no\/en\/?p=4369\" class=\"ee-post__title\">\n\t\t\t<h3 class=\"ee-post__title__heading\">DAS BODY<\/h3>\n\t\t<\/a><div class=\"ee-post__excerpt\">Fra Oslo kommer indiepop-visjon\u00e6rene Das Body! Bandet ble umiddelbart booket til \u00d8yafestivalen, by:Larm og SXSW i sitt f\u00f8rste \u00e5r som band i 2018. Etter dette&hellip;<\/div><\/div><!-- .ee-post__body --><\/article><!-- .ee-post --><\/div><!-- .ee-loop__item --><div class=\"ee-grid__item ee-loop__item ee-filter-\"><article class=\"ee-post post-4336 tribe_events type-tribe_events status-publish has-post-thumbnail hentry\"><a class=\"ee-media ee-post__media\" href=\"https:\/\/bastardbar.no\/en\/?p=4336\"><div class=\"ee-post__media__thumbnail ee-media__thumbnail\"><img decoding=\"async\" width=\"800\" height=\"418\" src=\"https:\/\/bastardbar.no\/wp-content\/uploads\/2023\/11\/SKOLL-FB-1024x535.jpg\" class=\"attachment-large size-large wp-image-4337\" alt=\"\" srcset=\"https:\/\/bastardbar.no\/wp-content\/uploads\/2023\/11\/SKOLL-FB-1024x535.jpg 1024w, https:\/\/bastardbar.no\/wp-content\/uploads\/2023\/11\/SKOLL-FB-300x157.jpg 300w, https:\/\/bastardbar.no\/wp-content\/uploads\/2023\/11\/SKOLL-FB-768x401.jpg 768w, https:\/\/bastardbar.no\/wp-content\/uploads\/2023\/11\/SKOLL-FB-18x9.jpg 18w, https:\/\/bastardbar.no\/wp-content\/uploads\/2023\/11\/SKOLL-FB-600x314.jpg 600w, https:\/\/bastardbar.no\/wp-content\/uploads\/2023\/11\/SKOLL-FB.jpg 1200w\" sizes=\"(max-width: 800px) 100vw, 800px\" \/><\/div><div class=\"ee-post__media__overlay ee-media__overlay\"><\/div><\/a><!-- .ee-post__media --><div class=\"ee-post__body ee-post__area\"><a href=\"https:\/\/bastardbar.no\/en\/?p=4336\" class=\"ee-post__title\">\n\t\t\t<h3 class=\"ee-post__title__heading\">SK\u00d6LL<\/h3>\n\t\t<\/a><div class=\"ee-post__excerpt\">SK\u00d6LL P\u00c5 BASTARD! B\u00e5tsfjordbandet SK\u00d6LL returnerer til Troms\u00f8 l\u00f8rdag 2. mars 2024, med masse ny hardtsl\u00e5ende punk i beltet. SK\u00d6LL Er et punkband med fire&hellip;<\/div><\/div><!-- .ee-post__body --><\/article><!-- .ee-post --><\/div><!-- .ee-loop__item --><div class=\"ee-grid__item ee-loop__item ee-filter-\"><article class=\"ee-post post-4323 tribe_events type-tribe_events status-publish has-post-thumbnail hentry\"><a class=\"ee-media ee-post__media\" href=\"https:\/\/bastardbar.no\/en\/?p=4323\"><div class=\"ee-post__media__thumbnail ee-media__thumbnail\"><img decoding=\"async\" width=\"800\" height=\"418\" src=\"https:\/\/bastardbar.no\/wp-content\/uploads\/2023\/11\/STRENGEPLUKK-FB-1024x535.jpg\" class=\"attachment-large size-large wp-image-4324\" alt=\"\" srcset=\"https:\/\/bastardbar.no\/wp-content\/uploads\/2023\/11\/STRENGEPLUKK-FB-1024x535.jpg 1024w, https:\/\/bastardbar.no\/wp-content\/uploads\/2023\/11\/STRENGEPLUKK-FB-300x157.jpg 300w, https:\/\/bastardbar.no\/wp-content\/uploads\/2023\/11\/STRENGEPLUKK-FB-768x401.jpg 768w, https:\/\/bastardbar.no\/wp-content\/uploads\/2023\/11\/STRENGEPLUKK-FB-18x9.jpg 18w, https:\/\/bastardbar.no\/wp-content\/uploads\/2023\/11\/STRENGEPLUKK-FB-600x314.jpg 600w, https:\/\/bastardbar.no\/wp-content\/uploads\/2023\/11\/STRENGEPLUKK-FB.jpg 1200w\" sizes=\"(max-width: 800px) 100vw, 800px\" \/><\/div><div class=\"ee-post__media__overlay ee-media__overlay\"><\/div><\/a><!-- .ee-post__media --><div class=\"ee-post__body ee-post__area\"><a href=\"https:\/\/bastardbar.no\/en\/?p=4323\" class=\"ee-post__title\">\n\t\t\t<h3 class=\"ee-post__title__heading\">STRENGEPLUKK<\/h3>\n\t\t<\/a><div class=\"ee-post__excerpt\">R\u00e5 energi, skaml\u00f8st drivende rytmer, dialekt, trestemt sang, banjo, soloer det formelig ryker av, hjerte og smerte og en god dose humor &#8211; disse er&hellip;<\/div><\/div><!-- .ee-post__body --><\/article><!-- .ee-post --><\/div><!-- .ee-loop__item --><\/div><!-- .ee-loop -->\t\t<\/div>\n\t\t\t\t<\/div>\n\t\t\t\t\t<\/div>\n\t\t<\/div>\n\t\t\t\t\t<\/div>\n\t\t<\/section>\n\t\t\t\t<\/div>","protected":false},"excerpt":{"rendered":"<p>Filter: Alternative Americana\/Folk Hardcore HipHop Indie Jazz Metal Pop Post-Punk Psychedelic Punk Rock Eline Hellerud &#038; Christo Stagness Velkommen til konsert l\u00f8rdag 25. juni! Bassist Christo Stangness og vokalist Eline Hellerud \u00c5sbakk har samarbeidet i en rekke konstellasjoner de siste ti \u00e5rene. N\u00e5&hellip; Raging Lines Sondre Thomassen Thorvik er mannen bak Raging Lines. Han er [&hellip;]<\/p>","protected":false},"author":1,"featured_media":0,"parent":0,"menu_order":0,"comment_status":"closed","ping_status":"closed","template":"","meta":{"om_disable_all_campaigns":false,"_monsterinsights_skip_tracking":false,"_monsterinsights_sitenote_active":false,"_monsterinsights_sitenote_note":"","_monsterinsights_sitenote_category":0,"footnotes":""},"aioseo_notices":[],"_links":{"self":[{"href":"https:\/\/bastardbar.no\/en\/wp-json\/wp\/v2\/pages\/3490"}],"collection":[{"href":"https:\/\/bastardbar.no\/en\/wp-json\/wp\/v2\/pages"}],"about":[{"href":"https:\/\/bastardbar.no\/en\/wp-json\/wp\/v2\/types\/page"}],"author":[{"embeddable":true,"href":"https:\/\/bastardbar.no\/en\/wp-json\/wp\/v2\/users\/1"}],"replies":[{"embeddable":true,"href":"https:\/\/bastardbar.no\/en\/wp-json\/wp\/v2\/comments?post=3490"}],"version-history":[{"count":31,"href":"https:\/\/bastardbar.no\/en\/wp-json\/wp\/v2\/pages\/3490\/revisions"}],"predecessor-version":[{"id":3559,"href":"https:\/\/bastardbar.no\/en\/wp-json\/wp\/v2\/pages\/3490\/revisions\/3559"}],"wp:attachment":[{"href":"https:\/\/bastardbar.no\/en\/wp-json\/wp\/v2\/media?parent=3490"}],"curies":[{"name":"wp","href":"https:\/\/api.w.org\/{rel}","templated":true}]}}