{"id":3,"date":"2021-11-17T01:01:35","date_gmt":"2021-11-17T01:01:35","guid":{"rendered":"https:\/\/bastardbar.no\/?page_id=3"},"modified":"2022-01-16T18:24:07","modified_gmt":"2022-01-16T17:24:07","slug":"personvern","status":"publish","type":"page","link":"https:\/\/bastardbar.no\/en\/personvern\/","title":{"rendered":"Personvernerkl\u00e6ring"},"content":{"rendered":"<h3 class=\"wp-block-heading\">Vi innhenter kun relevante og n\u00f8dvendig personopplysninger og data for \u00e5 levere v\u00e5re tjenester best mulig til deg som kunde. Alle personopplysninger vi har samlet er for \u00e5 forst\u00e5 og forbedre produktet v\u00e5rt, slik at du skal f\u00e5 den beste brukeropplevelsen p\u00e5 v\u00e5re nettsteder. Denne personvernerkl\u00e6ringen forklarer hvordan og hvilken data vi samler inn, og hva de brukes til.<\/h3>\n\n\n\n<h2 class=\"wp-block-heading\">1. BEHANDLINGSANSVARLIG<\/h2>\n\n\n\n<p>Personvernerkl\u00e6ringen gjelder for dette nettstedet, eid av:<\/p>\n\n\n\n<p><strong>Strandgata 22 AS<\/strong>, Strandgata 22, 9008 Troms\u00f8, post@bastard.no, <em>Org nr 994 093 193<\/em>, heretter referert til som \u201cBehandlingsansvarlig\u201d.<\/p>\n\n\n\n<h2 class=\"wp-block-heading\">2. ADMINISTRERING AV PERSONOPPLYSNINGER<\/h2>\n\n\n\n<p>I forbindelse med kundeforhold m\u00e5 vi innhente opplysninger som navn, e-post, telefonummer og annen n\u00f8dvendig informasjon. Denne informasjonen bruker vi utelukkende til \u00e5 h\u00e5ndtere ditt kundeforhold med oss. Du har rett til innsyn og sletting av data vi har lagret om deg.<\/p>\n\n\n\n<h2 class=\"wp-block-heading\">3. INFORMASJONSKAPSLER<\/h2>\n\n\n\n<p>Denne nettsiden benytter informasjonskapsler, ogs\u00e5 kalt cookies, p\u00e5 nettsidene. Ved \u00e5 bruke nettsiden v\u00e5r samtykker du i at vi kan bruke disse i din nettleser. En informasjonskapsel (cookie) er en liten tekstfil som lagres p\u00e5 din datamaskin. Vi bruker informasjonskapsler blant annet til \u00e5 forbedre brukeropplevelsen og analysere trafikken til og fra nettsiden. N\u00e5r du bes\u00f8ker v\u00e5re tjenester, setter vi b\u00e5de midlertidige og varige informasjonskapsler. En midlertidig informasjonskapsel slettes ofte automatisk n\u00e5r du lukker nettleseren din, mens varige kan ligge p\u00e5 din maskin i opptil ett \u00e5r. Informasjonskapslene lagrer aldri informasjon som kan identifisere deg personlig.<\/p>\n\n\n\n<p>De fleste nettlesere, som Opera, Internet Explorer, Firefox, Safari etc, er innstilt slik at cookies blir akseptert automatisk. Om du ikke \u00f8nsker \u00e5 akseptere cookies m\u00e5 du selv endre innstillingene i din nettleser. Merk at denne innstillingen kan f\u00f8re til at mange nettsteder ikke vil fungere optimalt.<\/p>\n\n\n\n<p>Om du \u00f8nsker \u00e5 l\u00e6re mer om informasjonskapsler kan&nbsp;<a href=\"http:\/\/www.aboutcookies.org\/\" target=\"_blank\" rel=\"noreferrer noopener\">http:\/\/www.aboutcookies.org<\/a>&nbsp;benyttes.<\/p>\n\n\n\n<h2 class=\"wp-block-heading\">4. VI BENYTTER F\u00d8LGENDE INFORMASJONSKAPSLER<\/h2>\n\n\n\n<p><strong>Eier: Google Analytics<\/strong><\/p>\n\n\n\n<p>Google Analytics benytter informasjonskapsler for analyse av trafikk. Samle informasjon om hvordan bes\u00f8kende benytter nettsiden. Vi bruker denne informasjonen for \u00e5 lage rapporter for \u00e5 bedre nettsiden. Informasjonskapslene anonymiserer all informasjon. De sier noe om antall bes\u00f8kende p\u00e5 nettsiden, hvor de kommer fra og hvilke sider de bes\u00f8ker.<\/p>\n\n\n\n<p>Google Analytics benytter fem forskjellige informasjonskapsler:<\/p>\n\n\n\n<p>__utma: Lagres i 2 \u00e5r fra siste bes\u00f8k.<\/p>\n\n\n\n<p>__utmb: Lagres i 30 min fra siste bes\u00f8k.<\/p>\n\n\n\n<p>__utmc: Lagres til nettleseren lukkes.<\/p>\n\n\n\n<p>__utmz: Lagres i 6 m\u00e5neder fra siste bes\u00f8k.<\/p>\n\n\n\n<p>__utmv: Lagres i 2 \u00e5r fra siste bes\u00f8k.<\/p>\n\n\n\n<p>_ga: Lagres i 2 \u00e5r fra siste bes\u00f8k.<\/p>\n\n\n\n<p>__utmz gir oss informasjon om hvor du kom ifra da du landet p\u00e5 siden v\u00e5r. For eksempel annonser, s\u00f8kemotorer og lignende<\/p>\n\n\n\n<p>__utma gir oss informasjon om du er helt ny bes\u00f8kende eller om du har v\u00e6rt bes\u00f8kende p\u00e5 nettsiden tidligere.<\/p>\n\n\n\n<p>__utmb og __utmc forteller oss hvilke sider du har v\u00e6rt innom og hvordan du har navigert deg rundt. I tillegg forteller de oss hvor lenge du har v\u00e6rt p\u00e5 sidene v\u00e5re. Disse slettes n\u00e5r du forlater v\u00e5re sider.<\/p>\n\n\n\n<p>Mottatte opplysninger er underlagt<a href=\"https:\/\/www.google.com\/intl\/no\/policies\/privacy\/\" target=\"_blank\" rel=\"noreferrer noopener\">&nbsp;Google sine retningslinjer for personvern<\/a>.<\/p>\n\n\n\n<p><strong>Eier: Facebook<\/strong><\/p>\n\n\n\n<p>Tidvis kj\u00f8rer vi kampanjer p\u00e5 Facebook. I disse tilfellene bruker vi informasjonskapsler og lignende teknologi for \u00e5 vise annonser p\u00e5 og utenfor Facebooks tjenester (Facebook Custom Audience). Du kan justere annonseinnstillingene dine hvis du \u00f8nsker \u00e5 kontrollere og administrere hva slags annonser du ser p\u00e5 Facebook.<\/p>\n\n\n\n<p><a href=\"https:\/\/www.facebook.com\/about\/ads\/\" target=\"_blank\" rel=\"noreferrer noopener\">Les om Facebooks retningslinjer for personvern, samt muligheten for \u00e5 hindre Facebook fra \u00e5 registrere ditt adferdsm\u00f8nster.<\/a><\/p>\n\n\n\n<p>Les mer om facebook sin cookie policy her:&nbsp;<a href=\"https:\/\/www.facebook.com\/policies\/cookies\/\" target=\"_blank\" rel=\"noreferrer noopener\">https:\/\/www.facebook.com\/policies\/cookies\/<\/a><\/p>\n\n\n\n<h2 class=\"wp-block-heading\">5. KONTAKTSKJEMA<\/h2>\n\n\n\n<p>N\u00e5r du fyller ut kontaktskjema p\u00e5 nettsiden sender du oss informasjon om deg. Disse opplysningene lagres i v\u00e5re databaser, slik at vi skal kunne respondere p\u00e5 din kontaktforesp\u00f8rsel og yte deg best mulig service.<\/p>\n\n\n\n<h2 class=\"wp-block-heading\">6. E-POST<\/h2>\n\n\n\n<p>All e-post som blir sendt til Behandlingsansvarlig blir lagret som en del av ditt kundeforhold med oss.<\/p>\n\n\n\n<h2 class=\"wp-block-heading\">7. UTLEVERING AV PERSONOPPLYSNINGER TIL TREDJEPART<\/h2>\n\n\n\n<p>Behandlingsansvarlig kan til tider benytte seg ogs\u00e5 av tjenester levert av 3. Part. Her er en oversikt over mulige underleverand\u00f8rer hvor informasjon kan lagres:<\/p>\n\n\n\n<p><strong>Google Analytics:<\/strong><\/p>\n\n\n\n<p>Google Analytics benyttes for analyse av trafikk. IP-adresser og bes\u00f8ksm\u00f8nster lagres.<\/p>\n\n\n\n<p><strong>Gsuite by Google:<\/strong><\/p>\n\n\n\n<p>Gsuite by Google benyttes blant annet til h\u00e5ndtering av e-post, dokumenter (G Disk). Informasjon lagres i disse systemene og e-postkorrespondanse eller dokumenter kan v\u00e6re lagret hos Gsuite by Google.<\/p>\n\n\n\n<p><br><strong>Google Adwords:<\/strong><\/p>\n\n\n\n<p>Annonsering gjennom Google sin plattform. Informasjonskapsler benyttes slik at annonsering kan m\u00e5lrettes basert p\u00e5 bes\u00f8ksm\u00f8nster.<\/p>\n\n\n\n<p><strong>Facebook Pixel:<\/strong><\/p>\n\n\n\n<p>Annonsering gjennom Facebook sin plattform. Informasjonskapsler benyttes slik at annonsering kan m\u00e5lrettes basert p\u00e5 bes\u00f8ksm\u00f8nster.<\/p>\n\n\n\n<h2 class=\"wp-block-heading\">8. KUNDEREGISTER<\/h2>\n\n\n\n<p>V\u00e5rt kunderegister inneholder opplysninger om kunden som navn, e-post og telefonnummer, og opplysninger om hvilke tjenester benyttet og bestillinger kunden har gjort.<\/p>\n\n\n\n<h2 class=\"wp-block-heading\">9. INNSYN<\/h2>\n\n\n\n<p>Etter personopplysningsloven \u00a7 18 har den enkelte krav p\u00e5 innsyn i de opplysningene som er registrert om en selv. Innsyn kan en f\u00e5 ved \u00e5 henvende seg til Behandlingsansvarlig. N\u00f8dvendig kontaktinformasjon til Behandlingsansvarlig kan finnes p\u00e5&nbsp;<a href=\"https:\/\/www.brreg.no\/\" target=\"_blank\" rel=\"noreferrer noopener\">brreg.no<\/a>.<\/p>","protected":false},"excerpt":{"rendered":"<p>Vi innhenter kun relevante og n\u00f8dvendig personopplysninger og data for \u00e5 levere v\u00e5re tjenester best mulig til deg som kunde. Alle personopplysninger vi har samlet er for \u00e5 forst\u00e5 og forbedre produktet v\u00e5rt, slik at du skal f\u00e5 den beste brukeropplevelsen p\u00e5 v\u00e5re nettsteder. Denne personvernerkl\u00e6ringen forklarer hvordan og hvilken data vi samler inn, og [&hellip;]<\/p>","protected":false},"author":1,"featured_media":0,"parent":0,"menu_order":0,"comment_status":"closed","ping_status":"open","template":"","meta":{"om_disable_all_campaigns":false,"_monsterinsights_skip_tracking":false,"_monsterinsights_sitenote_active":false,"_monsterinsights_sitenote_note":"","_monsterinsights_sitenote_category":0,"footnotes":""},"aioseo_notices":[],"_links":{"self":[{"href":"https:\/\/bastardbar.no\/en\/wp-json\/wp\/v2\/pages\/3"}],"collection":[{"href":"https:\/\/bastardbar.no\/en\/wp-json\/wp\/v2\/pages"}],"about":[{"href":"https:\/\/bastardbar.no\/en\/wp-json\/wp\/v2\/types\/page"}],"author":[{"embeddable":true,"href":"https:\/\/bastardbar.no\/en\/wp-json\/wp\/v2\/users\/1"}],"replies":[{"embeddable":true,"href":"https:\/\/bastardbar.no\/en\/wp-json\/wp\/v2\/comments?post=3"}],"version-history":[{"count":1,"href":"https:\/\/bastardbar.no\/en\/wp-json\/wp\/v2\/pages\/3\/revisions"}],"predecessor-version":[{"id":2800,"href":"https:\/\/bastardbar.no\/en\/wp-json\/wp\/v2\/pages\/3\/revisions\/2800"}],"wp:attachment":[{"href":"https:\/\/bastardbar.no\/en\/wp-json\/wp\/v2\/media?parent=3"}],"curies":[{"name":"wp","href":"https:\/\/api.w.org\/{rel}","templated":true}]}}